{"id":13030,"date":"2023-02-13T08:16:51","date_gmt":"2023-02-13T08:16:51","guid":{"rendered":"https:\/\/imfdiecasting.com\/?post_type=product&#038;p=13030"},"modified":"2023-02-14T10:04:16","modified_gmt":"2023-02-14T10:04:16","slug":"soporte-barras-comando-inyeccion-idra-ol-500s","status":"publish","type":"product","link":"https:\/\/imfdiecasting.com\/index.php\/product\/soporte-barras-comando-inyeccion-idra-ol-500s\/","title":{"rendered":"SOPORTE BARRAS COMANDO INYECCI\u00d3N &#8211; IDRA OL 500S"},"content":{"rendered":"<p>SOPORTE BARRAS COMANDO INYECCI\u00d3N PARA M\u00c1QUINA<\/p>\n<ul>\n<li>MARCA:\u00a0 \u00a0 \u00a0 \u00a0 \u00a0 IDRA<\/li>\n<li>MODELO:\u00a0 \u00a0 \u00a0 OL 500S<\/li>\n<li>LONGITUD:\u00a0 295 mm<\/li>\n<li>DI\u00c1METRO:\u00a0 122mm<\/li>\n<\/ul>\n","protected":false},"excerpt":{"rendered":"<p>PRECIO <span style=\"color: #0000ff;\"><strong>A CONSULTAR<\/strong><\/span><\/p>\n<p>PLAZO DE ENTREGA\u00a0 <strong><span style=\"color: #0000ff;\">A CONSULTAR<\/span><\/strong><\/p>\n<p>&nbsp;<\/p>\n<p>&nbsp;<\/p>\n<p>&nbsp;<\/p>\n","protected":false},"featured_media":13032,"comment_status":"open","ping_status":"closed","template":"","meta":[],"product_cat":[78],"product_tag":[623],"_links":{"self":[{"href":"https:\/\/imfdiecasting.com\/index.php\/wp-json\/wp\/v2\/product\/13030"}],"collection":[{"href":"https:\/\/imfdiecasting.com\/index.php\/wp-json\/wp\/v2\/product"}],"about":[{"href":"https:\/\/imfdiecasting.com\/index.php\/wp-json\/wp\/v2\/types\/product"}],"replies":[{"embeddable":true,"href":"https:\/\/imfdiecasting.com\/index.php\/wp-json\/wp\/v2\/comments?post=13030"}],"version-history":[{"count":3,"href":"https:\/\/imfdiecasting.com\/index.php\/wp-json\/wp\/v2\/product\/13030\/revisions"}],"predecessor-version":[{"id":13069,"href":"https:\/\/imfdiecasting.com\/index.php\/wp-json\/wp\/v2\/product\/13030\/revisions\/13069"}],"wp:featuredmedia":[{"embeddable":true,"href":"https:\/\/imfdiecasting.com\/index.php\/wp-json\/wp\/v2\/media\/13032"}],"wp:attachment":[{"href":"https:\/\/imfdiecasting.com\/index.php\/wp-json\/wp\/v2\/media?parent=13030"}],"wp:term":[{"taxonomy":"product_cat","embeddable":true,"href":"https:\/\/imfdiecasting.com\/index.php\/wp-json\/wp\/v2\/product_cat?post=13030"},{"taxonomy":"product_tag","embeddable":true,"href":"https:\/\/imfdiecasting.com\/index.php\/wp-json\/wp\/v2\/product_tag?post=13030"}],"curies":[{"name":"wp","href":"https:\/\/api.w.org\/{rel}","templated":true}]}}