{"id":12553,"date":"2023-01-26T13:28:36","date_gmt":"2023-01-26T13:28:36","guid":{"rendered":"https:\/\/imfdiecasting.com\/?post_type=product&#038;p=12553"},"modified":"2023-02-06T13:43:17","modified_gmt":"2023-02-06T13:43:17","slug":"columna-maquina-ip-550-sc","status":"publish","type":"product","link":"https:\/\/imfdiecasting.com\/index.php\/product\/columna-maquina-ip-550-sc\/","title":{"rendered":"COLUMNA INYECCI\u00d3N MAQUINA &#8211; IDRA OL 900PRP"},"content":{"rendered":"<p>COLUMNA DE INYECI\u00d3N PARA M\u00c1QUINA<\/p>\n<ul>\n<li>MARCA:\u00a0 \u00a0 \u00a0 \u00a0 IDRA<\/li>\n<li>MODELO:\u00a0 \u00a0 \u00a0OL 900PRP<\/li>\n<li>LONGITUD: 2520 mm<\/li>\n<li>DIAMETRO: 105 mm<\/li>\n<\/ul>\n","protected":false},"excerpt":{"rendered":"<p>PRECIO <span style=\"color: #0000ff;\"><strong>A CONSULTAR<\/strong><\/span><\/p>\n<p>PLAZO DE ENTREGA\u00a0 <strong><span style=\"color: #0000ff;\">A CONSULTAR<\/span><\/strong><\/p>\n<p>&nbsp;<\/p>\n<p>&nbsp;<\/p>\n<p>&nbsp;<\/p>\n","protected":false},"featured_media":12723,"comment_status":"open","ping_status":"closed","template":"","meta":[],"product_cat":[254],"product_tag":[673],"_links":{"self":[{"href":"https:\/\/imfdiecasting.com\/index.php\/wp-json\/wp\/v2\/product\/12553"}],"collection":[{"href":"https:\/\/imfdiecasting.com\/index.php\/wp-json\/wp\/v2\/product"}],"about":[{"href":"https:\/\/imfdiecasting.com\/index.php\/wp-json\/wp\/v2\/types\/product"}],"replies":[{"embeddable":true,"href":"https:\/\/imfdiecasting.com\/index.php\/wp-json\/wp\/v2\/comments?post=12553"}],"version-history":[{"count":3,"href":"https:\/\/imfdiecasting.com\/index.php\/wp-json\/wp\/v2\/product\/12553\/revisions"}],"predecessor-version":[{"id":12722,"href":"https:\/\/imfdiecasting.com\/index.php\/wp-json\/wp\/v2\/product\/12553\/revisions\/12722"}],"wp:featuredmedia":[{"embeddable":true,"href":"https:\/\/imfdiecasting.com\/index.php\/wp-json\/wp\/v2\/media\/12723"}],"wp:attachment":[{"href":"https:\/\/imfdiecasting.com\/index.php\/wp-json\/wp\/v2\/media?parent=12553"}],"wp:term":[{"taxonomy":"product_cat","embeddable":true,"href":"https:\/\/imfdiecasting.com\/index.php\/wp-json\/wp\/v2\/product_cat?post=12553"},{"taxonomy":"product_tag","embeddable":true,"href":"https:\/\/imfdiecasting.com\/index.php\/wp-json\/wp\/v2\/product_tag?post=12553"}],"curies":[{"name":"wp","href":"https:\/\/api.w.org\/{rel}","templated":true}]}}