{"id":12516,"date":"2023-01-26T07:34:49","date_gmt":"2023-01-26T07:34:49","guid":{"rendered":"https:\/\/imfdiecasting.com\/?post_type=product&#038;p=12516"},"modified":"2023-02-14T11:35:40","modified_gmt":"2023-02-14T11:35:40","slug":"patin-plato-movil-ip-500","status":"publish","type":"product","link":"https:\/\/imfdiecasting.com\/index.php\/product\/patin-plato-movil-ip-500\/","title":{"rendered":"PAT\u00cdN PLATO M\u00d3VIL  &#8211; IP 500"},"content":{"rendered":"","protected":false},"excerpt":{"rendered":"<p><em>En colaboraci\u00f3n con nuestro representado ITALPRESSE ofrecemos este repuesto<\/em><\/p>\n<p>&nbsp;<\/p>\n<p>PRECIO <span style=\"color: #0000ff;\"><strong>A CONSULTAR<\/strong><\/span><\/p>\n<p>PLAZO DE ENTREGA\u00a0 <strong><span style=\"color: #0000ff;\">A CONSULTAR<\/span><\/strong><\/p>\n<p>&nbsp;<\/p>\n<p>&nbsp;<\/p>\n<p>&nbsp;<\/p>\n","protected":false},"featured_media":11897,"comment_status":"open","ping_status":"closed","template":"","meta":[],"product_cat":[88],"product_tag":[638],"_links":{"self":[{"href":"https:\/\/imfdiecasting.com\/index.php\/wp-json\/wp\/v2\/product\/12516"}],"collection":[{"href":"https:\/\/imfdiecasting.com\/index.php\/wp-json\/wp\/v2\/product"}],"about":[{"href":"https:\/\/imfdiecasting.com\/index.php\/wp-json\/wp\/v2\/types\/product"}],"replies":[{"embeddable":true,"href":"https:\/\/imfdiecasting.com\/index.php\/wp-json\/wp\/v2\/comments?post=12516"}],"version-history":[{"count":3,"href":"https:\/\/imfdiecasting.com\/index.php\/wp-json\/wp\/v2\/product\/12516\/revisions"}],"predecessor-version":[{"id":13101,"href":"https:\/\/imfdiecasting.com\/index.php\/wp-json\/wp\/v2\/product\/12516\/revisions\/13101"}],"wp:featuredmedia":[{"embeddable":true,"href":"https:\/\/imfdiecasting.com\/index.php\/wp-json\/wp\/v2\/media\/11897"}],"wp:attachment":[{"href":"https:\/\/imfdiecasting.com\/index.php\/wp-json\/wp\/v2\/media?parent=12516"}],"wp:term":[{"taxonomy":"product_cat","embeddable":true,"href":"https:\/\/imfdiecasting.com\/index.php\/wp-json\/wp\/v2\/product_cat?post=12516"},{"taxonomy":"product_tag","embeddable":true,"href":"https:\/\/imfdiecasting.com\/index.php\/wp-json\/wp\/v2\/product_tag?post=12516"}],"curies":[{"name":"wp","href":"https:\/\/api.w.org\/{rel}","templated":true}]}}