{"id":12509,"date":"2023-01-25T16:20:25","date_gmt":"2023-01-25T16:20:25","guid":{"rendered":"https:\/\/imfdiecasting.com\/?post_type=product&#038;p=12509"},"modified":"2023-02-14T11:39:55","modified_gmt":"2023-02-14T11:39:55","slug":"guia-patin-ip-500","status":"publish","type":"product","link":"https:\/\/imfdiecasting.com\/index.php\/product\/guia-patin-ip-500\/","title":{"rendered":"GU\u00cdA PAT\u00cdN  &#8211; IP 500"},"content":{"rendered":"<p>GU\u00cdA PAT\u00cdN PARA M\u00c1QUINA<\/p>\n<ul>\n<li>MARCA:\u00a0 \u00a0 \u00a0 ITALPRESSE<\/li>\n<li>MODELO:\u00a0 \u00a0IP 500<\/li>\n<li>LONGITUD: 1450 mm<\/li>\n<li>ANCHURA:\u00a0 \u00a070mm<\/li>\n<\/ul>\n","protected":false},"excerpt":{"rendered":"<p><em>En colaboraci\u00f3n con nuestro representado ITALPRESSE ofrecemos este repuesto<\/em><\/p>\n<p>&nbsp;<\/p>\n<p>PRECIO <span style=\"color: #0000ff;\"><strong>A CONSULTAR<\/strong><\/span><\/p>\n<p>PLAZO DE ENTREGA\u00a0 <strong><span style=\"color: #0000ff;\">A CONSULTAR<\/span><\/strong><\/p>\n<p>&nbsp;<\/p>\n<p>&nbsp;<\/p>\n<p>&nbsp;<\/p>\n","protected":false},"featured_media":12186,"comment_status":"open","ping_status":"closed","template":"","meta":[],"product_cat":[258],"product_tag":[638],"_links":{"self":[{"href":"https:\/\/imfdiecasting.com\/index.php\/wp-json\/wp\/v2\/product\/12509"}],"collection":[{"href":"https:\/\/imfdiecasting.com\/index.php\/wp-json\/wp\/v2\/product"}],"about":[{"href":"https:\/\/imfdiecasting.com\/index.php\/wp-json\/wp\/v2\/types\/product"}],"replies":[{"embeddable":true,"href":"https:\/\/imfdiecasting.com\/index.php\/wp-json\/wp\/v2\/comments?post=12509"}],"version-history":[{"count":4,"href":"https:\/\/imfdiecasting.com\/index.php\/wp-json\/wp\/v2\/product\/12509\/revisions"}],"predecessor-version":[{"id":13103,"href":"https:\/\/imfdiecasting.com\/index.php\/wp-json\/wp\/v2\/product\/12509\/revisions\/13103"}],"wp:featuredmedia":[{"embeddable":true,"href":"https:\/\/imfdiecasting.com\/index.php\/wp-json\/wp\/v2\/media\/12186"}],"wp:attachment":[{"href":"https:\/\/imfdiecasting.com\/index.php\/wp-json\/wp\/v2\/media?parent=12509"}],"wp:term":[{"taxonomy":"product_cat","embeddable":true,"href":"https:\/\/imfdiecasting.com\/index.php\/wp-json\/wp\/v2\/product_cat?post=12509"},{"taxonomy":"product_tag","embeddable":true,"href":"https:\/\/imfdiecasting.com\/index.php\/wp-json\/wp\/v2\/product_tag?post=12509"}],"curies":[{"name":"wp","href":"https:\/\/api.w.org\/{rel}","templated":true}]}}