{"id":13989,"date":"2023-05-19T11:14:19","date_gmt":"2023-05-19T11:14:19","guid":{"rendered":"https:\/\/imfdiecasting.com\/?page_id=13989"},"modified":"2024-08-06T06:31:19","modified_gmt":"2024-08-06T06:31:19","slug":"compromiso-medio-ambiente","status":"publish","type":"page","link":"https:\/\/imfdiecasting.com\/index.php\/compromiso-medio-ambiente\/","title":{"rendered":"IMF Compromiso medio ambiente"},"content":{"rendered":"\t\t<div data-elementor-type=\"wp-page\" data-elementor-id=\"13989\" class=\"elementor elementor-13989\">\n\t\t\t\t\t\t<div class=\"elementor-inner\">\n\t\t\t\t<div class=\"elementor-section-wrap\">\n\t\t\t\t\t\t\t\t\t<section class=\"elementor-section elementor-top-section elementor-element elementor-element-9b88631 elementor-section-boxed elementor-section-height-default elementor-section-height-default wd-section-disabled\" data-id=\"9b88631\" data-element_type=\"section\">\n\t\t\t\t\t\t<div class=\"elementor-container elementor-column-gap-default\">\n\t\t\t\t\t\t\t<div class=\"elementor-row\">\n\t\t\t\t\t<div class=\"elementor-column elementor-col-100 elementor-top-column elementor-element elementor-element-61b7801\" data-id=\"61b7801\" data-element_type=\"column\">\n\t\t\t<div class=\"elementor-column-wrap elementor-element-populated\">\n\t\t\t\t\t\t\t<div class=\"elementor-widget-wrap\">\n\t\t\t\t\t\t<div class=\"elementor-element elementor-element-cf79146 elementor-widget elementor-widget-wd_title\" data-id=\"cf79146\" data-element_type=\"widget\" data-widget_type=\"wd_title.default\">\n\t\t\t\t<div class=\"elementor-widget-container\">\n\t\t\t\t\t<div class=\"title-wrapper woodmart-title-color-default woodmart-title-style-default woodmart-title-size-default text-center\">\n\n\t\t\t\n\t\t\t<div class=\"liner-continer\">\n\t\t\t\t<span class=\"left-line\"><\/span>\n\n\t\t\t\t<h4 class=\"woodmart-title-container title\">\n\t\t\t\t\tNUESTRO COMPROMISO\t\t\t\t<\/h4>\n\n\t\t\t\t\n\t\t\t\t<span class=\"right-line\"><\/span>\n\t\t\t<\/div>\n\n\t\t\t\t\t<\/div>\n\t\t\t\t<\/div>\n\t\t\t\t<\/div>\n\t\t\t\t<div class=\"elementor-element elementor-element-3a8a0d2 color-scheme-inherit text-left elementor-widget elementor-widget-text-editor\" data-id=\"3a8a0d2\" data-element_type=\"widget\" data-widget_type=\"text-editor.default\">\n\t\t\t\t<div class=\"elementor-widget-container\">\n\t\t\t\t\t\t\t\t<div class=\"elementor-text-editor elementor-clearfix\">\n\t\t\t\t<p>Como empresa comprometida con el medio ambiente IMF diecasting voluntariamente se adhiere al programa SBTi (Science Based Targets initiative) con los siguientes compromisos ambientales:<\/p>\n<ul>\n<li>Monitorizar nuestra huella de carbono como punto base para reducirla y gestionar y mejorar nuestro impacto medioambientalEstudiar y analizar las necesidades actuales y futuras en el \u00e1mbito de la planta de IMF en El Pla de Santa Mar\u00eda que sean generadoras de impacto sobre el medio ambiente.<\/li>\n<li>Estudiar y analizar las necesidades actuales y futuras en el \u00e1mbito de la planta de IMF en El Pla de Santa Mar\u00eda que sean generadoras de impacto sobre el medio ambiente.<\/li><li>Concienciar, formar e informar a los colaboradores de IMF sobre la problem\u00e1tica socio-ambiental y su implicaci\u00f3n en el sistema de gesti\u00f3n ambiental.<\/li>\n<li>Garantizar el cumplimiento de la normativa vigente en materia de medio ambiente y su adaptaci\u00f3n a futuras leyes ambientales.<\/li>\n<li>Exigir a nuestros proveedores y contratas la garant\u00eda de un adecuado nivel de calidad ambiental.<\/li>\n<li>Prevenir la contaminaci\u00f3n potenciando los procesos de reducci\u00f3n, reutilizaci\u00f3n y reciclaje de los residuos, vertidos y emisiones, as\u00ed como, estableciendo medidas que permitan su minimizaci\u00f3n.<\/li>\n<li>Promover el incremento de la eficiencia en la utilizaci\u00f3n de recursos naturales y energ\u00e9ticos.<\/li>\n<li>Actualizar peri\u00f3dicamente su pol\u00edtica ambiental a las nuevas circunstancias y exigencias del entorno a modo de asegurar la mejora continua.<\/li>\n<\/ul>\t\t\t\t\t<\/div>\n\t\t\t\t\t\t<\/div>\n\t\t\t\t<\/div>\n\t\t\t\t\t\t<\/div>\n\t\t\t\t\t<\/div>\n\t\t<\/div>\n\t\t\t\t\t\t\t\t<\/div>\n\t\t\t\t\t<\/div>\n\t\t<\/section>\n\t\t\t\t<section class=\"elementor-section elementor-top-section elementor-element elementor-element-daaad56 elementor-section-content-middle elementor-section-boxed elementor-section-height-default elementor-section-height-default wd-section-disabled\" data-id=\"daaad56\" data-element_type=\"section\">\n\t\t\t\t\t\t<div class=\"elementor-container elementor-column-gap-default\">\n\t\t\t\t\t\t\t<div class=\"elementor-row\">\n\t\t\t\t\t<div class=\"elementor-column elementor-col-100 elementor-top-column elementor-element elementor-element-31373c0\" data-id=\"31373c0\" data-element_type=\"column\">\n\t\t\t<div class=\"elementor-column-wrap elementor-element-populated\">\n\t\t\t\t\t\t\t<div class=\"elementor-widget-wrap\">\n\t\t\t\t\t\t<div class=\"elementor-element elementor-element-82fb5f9 elementor-widget elementor-widget-wd_images_gallery\" data-id=\"82fb5f9\" data-element_type=\"widget\" data-widget_type=\"wd_images_gallery.default\">\n\t\t\t\t<div class=\"elementor-widget-container\">\n\t\t\t\t\t<div class=\"woodmart-images-gallery gallery-halign-center gallery-valign-middle view-grid photoswipe-images\" >\n\t\t\t<div class=\"gallery-images row woodmart-spacing-0\">\n\t\t\t\t\t\t\t\t\t\t\t\t\t\t<div class=\"woodmart-gallery-item  col-12\">\n\t\t\t\t\t\t\t\t\t\t\t\t\t<a  href=\"https:\/\/imfdiecasting.com\/wp-content\/uploads\/2024\/06\/2023-h_carbono.png\"data-width=\"421\" data-height=\"521\" data-index=\"1\" data-elementor-open-lightbox=\"no\">\n\t\t\t\t\t\t\t\t\t\t\t\t\n\t\t\t\t\t\t\t<img decoding=\"async\" src=\"https:\/\/imfdiecasting.com\/wp-content\/uploads\/2024\/06\/2023-h_carbono.png\">\t\t\t\t\t\t\t\n\t\t\t\t\t\t\t\t\t\t\t\t\t<\/a>\n\t\t\t\t\t\t\t\t\t\t\t<\/div>\n\t\t\t\t\t\t\t\t<\/div>\n\t\t<\/div>\n\t\t\t\t<\/div>\n\t\t\t\t<\/div>\n\t\t\t\t<div class=\"elementor-element elementor-element-a508189 elementor-widget elementor-widget-wd_title\" data-id=\"a508189\" data-element_type=\"widget\" data-widget_type=\"wd_title.default\">\n\t\t\t\t<div class=\"elementor-widget-container\">\n\t\t\t\t\t<div class=\"title-wrapper woodmart-title-color-default woodmart-title-style-default woodmart-title-size-default text-center\">\n\n\t\t\t\n\t\t\t<div class=\"liner-continer\">\n\t\t\t\t<span class=\"left-line\"><\/span>\n\n\t\t\t\t<h4 class=\"woodmart-title-container title\">\n\t\t\t\t\t\t\t\t\t<\/h4>\n\n\t\t\t\t\n\t\t\t\t<span class=\"right-line\"><\/span>\n\t\t\t<\/div>\n\n\t\t\t\t\t<\/div>\n\t\t\t\t<\/div>\n\t\t\t\t<\/div>\n\t\t\t\t\t\t<\/div>\n\t\t\t\t\t<\/div>\n\t\t<\/div>\n\t\t\t\t\t\t\t\t<\/div>\n\t\t\t\t\t<\/div>\n\t\t<\/section>\n\t\t\t\t\t\t\t\t\t<\/div>\n\t\t\t<\/div>\n\t\t\t\t\t<\/div>\n\t\t","protected":false},"excerpt":{"rendered":"<p>NUESTRO COMPROMISO Como empresa comprometida con el medio ambiente IMF diecasting voluntariamente se adhiere al programa SBTi (Science Based Targets<\/p>\n","protected":false},"author":4,"featured_media":0,"parent":0,"menu_order":0,"comment_status":"closed","ping_status":"closed","template":"","meta":[],"_links":{"self":[{"href":"https:\/\/imfdiecasting.com\/index.php\/wp-json\/wp\/v2\/pages\/13989"}],"collection":[{"href":"https:\/\/imfdiecasting.com\/index.php\/wp-json\/wp\/v2\/pages"}],"about":[{"href":"https:\/\/imfdiecasting.com\/index.php\/wp-json\/wp\/v2\/types\/page"}],"author":[{"embeddable":true,"href":"https:\/\/imfdiecasting.com\/index.php\/wp-json\/wp\/v2\/users\/4"}],"replies":[{"embeddable":true,"href":"https:\/\/imfdiecasting.com\/index.php\/wp-json\/wp\/v2\/comments?post=13989"}],"version-history":[{"count":12,"href":"https:\/\/imfdiecasting.com\/index.php\/wp-json\/wp\/v2\/pages\/13989\/revisions"}],"predecessor-version":[{"id":14785,"href":"https:\/\/imfdiecasting.com\/index.php\/wp-json\/wp\/v2\/pages\/13989\/revisions\/14785"}],"wp:attachment":[{"href":"https:\/\/imfdiecasting.com\/index.php\/wp-json\/wp\/v2\/media?parent=13989"}],"curies":[{"name":"wp","href":"https:\/\/api.w.org\/{rel}","templated":true}]}}