{"id":10000,"date":"2022-01-24T12:47:58","date_gmt":"2022-01-24T12:47:58","guid":{"rendered":"https:\/\/comunica-t.net\/imfdiecasting\/?page_id=10000"},"modified":"2025-04-03T09:36:10","modified_gmt":"2025-04-03T09:36:10","slug":"politica-de-calidad","status":"publish","type":"page","link":"https:\/\/imfdiecasting.com\/index.php\/politica-de-calidad\/","title":{"rendered":"Pol\u00edtica de calidad"},"content":{"rendered":"\t\t<div data-elementor-type=\"wp-page\" data-elementor-id=\"10000\" class=\"elementor elementor-10000\">\n\t\t\t\t\t\t<div class=\"elementor-inner\">\n\t\t\t\t<div class=\"elementor-section-wrap\">\n\t\t\t\t\t\t\t\t\t<section class=\"elementor-section elementor-top-section elementor-element elementor-element-9b88631 elementor-section-boxed elementor-section-height-default elementor-section-height-default wd-section-disabled\" data-id=\"9b88631\" data-element_type=\"section\">\n\t\t\t\t\t\t<div class=\"elementor-container elementor-column-gap-default\">\n\t\t\t\t\t\t\t<div class=\"elementor-row\">\n\t\t\t\t\t<div class=\"elementor-column elementor-col-100 elementor-top-column elementor-element elementor-element-61b7801\" data-id=\"61b7801\" data-element_type=\"column\">\n\t\t\t<div class=\"elementor-column-wrap elementor-element-populated\">\n\t\t\t\t\t\t\t<div class=\"elementor-widget-wrap\">\n\t\t\t\t\t\t<div class=\"elementor-element elementor-element-cf79146 elementor-widget elementor-widget-wd_title\" data-id=\"cf79146\" data-element_type=\"widget\" data-widget_type=\"wd_title.default\">\n\t\t\t\t<div class=\"elementor-widget-container\">\n\t\t\t\t\t<div class=\"title-wrapper woodmart-title-color-default woodmart-title-style-default woodmart-title-size-default text-center\">\n\n\t\t\t\n\t\t\t<div class=\"liner-continer\">\n\t\t\t\t<span class=\"left-line\"><\/span>\n\n\t\t\t\t<h4 class=\"woodmart-title-container title\">\n\t\t\t\t\tPOLITICA de CALIDAD<br>agosto 2019\t\t\t\t<\/h4>\n\n\t\t\t\t\n\t\t\t\t<span class=\"right-line\"><\/span>\n\t\t\t<\/div>\n\n\t\t\t\t\t<\/div>\n\t\t\t\t<\/div>\n\t\t\t\t<\/div>\n\t\t\t\t<div class=\"elementor-element elementor-element-3a8a0d2 color-scheme-inherit text-left elementor-widget elementor-widget-text-editor\" data-id=\"3a8a0d2\" data-element_type=\"widget\" data-widget_type=\"text-editor.default\">\n\t\t\t\t<div class=\"elementor-widget-container\">\n\t\t\t\t\t\t\t\t<div class=\"elementor-text-editor elementor-clearfix\">\n\t\t\t\t<p class=\"p1\">En IMF DIECASTING nos dedicamos a la \u201creparaci\u00f3n y venta de maquinaria de inyecci\u00f3n de aluminio y venta de repuestos asociados\u201d. Desde nuestros inicios hemos apostado por la calidad y satisfacci\u00f3n de nuestros clientes. Por eso, IMF DIECASTING establece esta pol\u00edtica de calidad y organiza un sistema de gesti\u00f3n de acuerdo con los siguientes principios:<\/p><ul><li class=\"p1\">Aplicar conceptos de MEJORA CONTINUA, definiendo y revisando de forma peri\u00f3dica nuestros procesos y objetivos, para asegurar el cumplimiento y la superaci\u00f3n de las expectativas de nuestros clientes.<\/li><li class=\"p1\">El compromiso de los REQUISITOS LEGALES y de la NORMATIVA aplicables al conjunto de nuestras actividades. Destacando como referencias principales el cumplimiento del Estatuto de los trabajadores del Reino de Espa\u00f1a y del convenio colectivo del sector Sidero-metal\u00fargico de la provincia de Tarragona.<\/li><li class=\"p1\">La FORMACION CONTINUA de nuestros empleados para garantizar un servicio excelente y su sensibilizaci\u00f3n para asegurar el cumplimiento de los principios de esta pol\u00edtica.<\/li><li class=\"p1\">SATISFACCION DE NUESTROS CLIENTES, basada en una respuesta inmediata a sus requerimientos y a una gesti\u00f3n \u00f3ptima de nuestros procesos internos.<\/li><li class=\"p1\">ACTUALIZACION y ADAPTACI\u00d3N de nuestros equipos, tecnolog\u00edas y comunicaciones a las nuevas tendencias del mercado.<\/li><li class=\"p1\">La Direcci\u00f3n se compromete a aportar todos los recursos necesarios para garantizar los principios anteriores.<\/li><li class=\"p1\">La presente POLITICA de CALIDAD se REVISA y se adapta continuamente en base a los condicionantes legislativos, tecnol\u00f3gicos y del entorno cambiante dentro del cual hacemos nuestras actividades. As\u00ed mismo esta pol\u00edtica se comunica y promueve entre nuestros empleados y entre nuestro entorno.<\/li><\/ul>\t\t\t\t\t<\/div>\n\t\t\t\t\t\t<\/div>\n\t\t\t\t<\/div>\n\t\t\t\t\t\t<\/div>\n\t\t\t\t\t<\/div>\n\t\t<\/div>\n\t\t\t\t\t\t\t\t<\/div>\n\t\t\t\t\t<\/div>\n\t\t<\/section>\n\t\t\t\t<section class=\"elementor-section elementor-top-section elementor-element elementor-element-daaad56 elementor-section-content-middle elementor-section-boxed elementor-section-height-default elementor-section-height-default wd-section-disabled\" data-id=\"daaad56\" data-element_type=\"section\">\n\t\t\t\t\t\t<div class=\"elementor-container elementor-column-gap-default\">\n\t\t\t\t\t\t\t<div class=\"elementor-row\">\n\t\t\t\t\t<div class=\"elementor-column elementor-col-100 elementor-top-column elementor-element elementor-element-31373c0\" data-id=\"31373c0\" data-element_type=\"column\">\n\t\t\t<div class=\"elementor-column-wrap elementor-element-populated\">\n\t\t\t\t\t\t\t<div class=\"elementor-widget-wrap\">\n\t\t\t\t\t\t<div class=\"elementor-element elementor-element-82fb5f9 elementor-widget elementor-widget-wd_images_gallery\" data-id=\"82fb5f9\" data-element_type=\"widget\" data-widget_type=\"wd_images_gallery.default\">\n\t\t\t\t<div class=\"elementor-widget-container\">\n\t\t\t\t\t<div class=\"woodmart-images-gallery gallery-halign-center gallery-valign-middle view-grid photoswipe-images\" >\n\t\t\t<div class=\"gallery-images row woodmart-spacing-0\">\n\t\t\t\t\t\t\t\t\t\t\t\t\t\t<div class=\"woodmart-gallery-item  col-12\">\n\t\t\t\t\t\t\t\t\t\t\t\t\t<a  href=\"https:\/\/imfdiecasting.com\/wp-content\/uploads\/2025\/04\/renovacion-2024-9001-CAST-IMF-DIECASTING-p.jpg\"data-width=\"992\" data-height=\"1403\" data-index=\"1\" data-elementor-open-lightbox=\"no\">\n\t\t\t\t\t\t\t\t\t\t\t\t\n\t\t\t\t\t\t\t<img decoding=\"async\" src=\"https:\/\/imfdiecasting.com\/wp-content\/uploads\/2025\/04\/renovacion-2024-9001-CAST-IMF-DIECASTING-p-724x1024.jpg\">\t\t\t\t\t\t\t\n\t\t\t\t\t\t\t\t\t\t\t\t\t<\/a>\n\t\t\t\t\t\t\t\t\t\t\t<\/div>\n\t\t\t\t\t\t\t\t<\/div>\n\t\t<\/div>\n\t\t\t\t<\/div>\n\t\t\t\t<\/div>\n\t\t\t\t<div class=\"elementor-element elementor-element-a508189 elementor-widget elementor-widget-wd_title\" data-id=\"a508189\" data-element_type=\"widget\" data-widget_type=\"wd_title.default\">\n\t\t\t\t<div class=\"elementor-widget-container\">\n\t\t\t\t\t<div class=\"title-wrapper woodmart-title-color-default woodmart-title-style-default woodmart-title-size-default text-center\">\n\n\t\t\t\n\t\t\t<div class=\"liner-continer\">\n\t\t\t\t<span class=\"left-line\"><\/span>\n\n\t\t\t\t<h4 class=\"woodmart-title-container title\">\n\t\t\t\t\tCERTIFICADO ISO 9001\t\t\t\t<\/h4>\n\n\t\t\t\t\n\t\t\t\t<span class=\"right-line\"><\/span>\n\t\t\t<\/div>\n\n\t\t\t\t\t<\/div>\n\t\t\t\t<\/div>\n\t\t\t\t<\/div>\n\t\t\t\t\t\t<\/div>\n\t\t\t\t\t<\/div>\n\t\t<\/div>\n\t\t\t\t\t\t\t\t<\/div>\n\t\t\t\t\t<\/div>\n\t\t<\/section>\n\t\t\t\t\t\t\t\t\t<\/div>\n\t\t\t<\/div>\n\t\t\t\t\t<\/div>\n\t\t","protected":false},"excerpt":{"rendered":"<p>POLITICA de CALIDADagosto 2019 En IMF DIECASTING nos dedicamos a la \u201creparaci\u00f3n y venta de maquinaria de inyecci\u00f3n de aluminio<\/p>\n","protected":false},"author":1,"featured_media":0,"parent":0,"menu_order":0,"comment_status":"closed","ping_status":"closed","template":"","meta":[],"_links":{"self":[{"href":"https:\/\/imfdiecasting.com\/index.php\/wp-json\/wp\/v2\/pages\/10000"}],"collection":[{"href":"https:\/\/imfdiecasting.com\/index.php\/wp-json\/wp\/v2\/pages"}],"about":[{"href":"https:\/\/imfdiecasting.com\/index.php\/wp-json\/wp\/v2\/types\/page"}],"author":[{"embeddable":true,"href":"https:\/\/imfdiecasting.com\/index.php\/wp-json\/wp\/v2\/users\/1"}],"replies":[{"embeddable":true,"href":"https:\/\/imfdiecasting.com\/index.php\/wp-json\/wp\/v2\/comments?post=10000"}],"version-history":[{"count":34,"href":"https:\/\/imfdiecasting.com\/index.php\/wp-json\/wp\/v2\/pages\/10000\/revisions"}],"predecessor-version":[{"id":15066,"href":"https:\/\/imfdiecasting.com\/index.php\/wp-json\/wp\/v2\/pages\/10000\/revisions\/15066"}],"wp:attachment":[{"href":"https:\/\/imfdiecasting.com\/index.php\/wp-json\/wp\/v2\/media?parent=10000"}],"curies":[{"name":"wp","href":"https:\/\/api.w.org\/{rel}","templated":true}]}}